{"id":3310,"date":"2025-07-28T13:59:23","date_gmt":"2025-07-28T11:59:23","guid":{"rendered":"https:\/\/xevos.eu\/pripadove-studie\/"},"modified":"2025-11-12T11:12:39","modified_gmt":"2025-11-12T10:12:39","slug":"case-studies","status":"publish","type":"page","link":"https:\/\/xevos.eu\/en\/case-studies\/","title":{"rendered":"Case studies"},"content":{"rendered":"<div class=\"wpb-content-wrapper\"><p>[vc_section][vc_row el_class=&#8221;pripadove-studie&#8221;][vc_column][vc_column_text css=&#8221;&#8221;][case_studies_in_columns][\/vc_column_text][\/vc_column][\/vc_row][\/vc_section][vc_section el_class=&#8221;form-section&#8221;][vc_row][vc_column width=&#8221;2\/5&#8243;][vc_custom_heading text=&#8221;Fill in the form&#8221; font_container=&#8221;tag:h3|text_align:left&#8221; use_theme_fonts=&#8221;yes&#8221; css=&#8221;&#8221; el_class=&#8221;heading-secondary text-md&#8221;][vc_custom_heading text=&#8221;We\u2019ll prepare a&nbsp;non-binding price quote for you&#8221; use_theme_fonts=&#8221;yes&#8221; css=&#8221;&#8221;][\/vc_column][vc_column width=&#8221;3\/5&#8243;]\n<div class=\"wpcf7 no-js\" id=\"wpcf7-f3143-o1\" lang=\"cs-CZ\" dir=\"ltr\" data-wpcf7-id=\"3143\">\n<div class=\"screen-reader-response\"><p role=\"status\" aria-live=\"polite\" aria-atomic=\"true\"><\/p> <ul><\/ul><\/div>\n<form action=\"\/en\/wp-json\/wp\/v2\/pages\/3310#wpcf7-f3143-o1\" method=\"post\" class=\"wpcf7-form init\" aria-label=\"Kontaktn\u00ed formul\u00e1\u0159\" novalidate=\"novalidate\" data-status=\"init\">\n<fieldset class=\"hidden-fields-container\"><input type=\"hidden\" name=\"_wpcf7\" value=\"3143\" \/><input type=\"hidden\" name=\"_wpcf7_version\" value=\"6.1.5\" \/><input type=\"hidden\" name=\"_wpcf7_locale\" value=\"cs_CZ\" \/><input type=\"hidden\" name=\"_wpcf7_unit_tag\" value=\"wpcf7-f3143-o1\" \/><input type=\"hidden\" name=\"_wpcf7_container_post\" value=\"0\" \/><input type=\"hidden\" name=\"_wpcf7_posted_data_hash\" value=\"\" \/>\n<\/fieldset>\n<div class=\"contact-form-container\">\n  <div class=\"form-row\">\n    <span class=\"wpcf7-form-control-wrap\" data-name=\"name-and-surname\"><input size=\"40\" maxlength=\"400\" class=\"wpcf7-form-control wpcf7-text wpcf7-validates-as-required\" aria-required=\"true\" aria-invalid=\"false\" placeholder=\"Full Name\" value=\"\" type=\"text\" name=\"name-and-surname\" \/><\/span>\n    <span class=\"wpcf7-form-control-wrap\" data-name=\"phone\"><input size=\"40\" maxlength=\"400\" class=\"wpcf7-form-control wpcf7-tel wpcf7-validates-as-required wpcf7-text wpcf7-validates-as-tel\" aria-required=\"true\" aria-invalid=\"false\" placeholder=\"Phone Number\" value=\"\" type=\"tel\" name=\"phone\" \/><\/span>\n  <\/div>\n  <div class=\"form-row\">\n    <span class=\"wpcf7-form-control-wrap\" data-name=\"email\"><input size=\"40\" maxlength=\"400\" class=\"wpcf7-form-control wpcf7-email wpcf7-validates-as-required wpcf7-text wpcf7-validates-as-email\" aria-required=\"true\" aria-invalid=\"false\" placeholder=\"Email Address\" value=\"\" type=\"email\" name=\"email\" \/><\/span>\n    <span class=\"wpcf7-form-control-wrap nase-sluzby\"><select name=\"nase-sluzby\" class=\"wpcf7-form-control wpcf7-select\"><option value=\"\">-- Vyberte slu\u017ebu --<\/option><option value=\"Apple for Business\">Apple for Business<\/option><option value=\"Business\">Business<\/option><option value=\"Cisco Umbrella\">Cisco Umbrella<\/option><option value=\"Cloud solutions\">Cloud solutions<\/option><option value=\"Cyber Security\">Cyber Security<\/option><option value=\"Cybersecurity\">Cybersecurity<\/option><option value=\"Data and WiFi networks\">Data and WiFi networks<\/option><option value=\"Digit\u00e1ln\u00ed slu\u017eby\">Digit\u00e1ln\u00ed slu\u017eby<\/option><option value=\"Digitization\">Digitization<\/option><option value=\"For companies\">For companies<\/option><option value=\"For individuals\">For individuals<\/option><option value=\"Hardware &amp; Software\">Hardware &amp; Software<\/option><option value=\"Implementace\">Implementace<\/option><option value=\"IT Service &amp; Technical Support\">IT Service &amp; Technical Support<\/option><option value=\"IT services\">IT services<\/option><option value=\"Konzulta\u010dn\u00ed slu\u017eby\">Konzulta\u010dn\u00ed slu\u017eby<\/option><option value=\"Microsoft 365\">Microsoft 365<\/option><option value=\"Microsoft 365 Enterprise\">Microsoft 365 Enterprise<\/option><option value=\"Microsoft Surface\">Microsoft Surface<\/option><option value=\"MS 365 Copilot\">MS 365 Copilot<\/option><option value=\"NIS2\">NIS2<\/option><option value=\"Online media and graphic design\">Online media and graphic design<\/option><option value=\"Outsourcing IT\">Outsourcing IT<\/option><option value=\"Pentera\">Pentera<\/option><option value=\"Plan Comparison\">Plan Comparison<\/option><option value=\"Products\">Products<\/option><option value=\"Software development\">Software development<\/option><option value=\"Software studio\">Software studio<\/option><option value=\"Starlink\">Starlink<\/option><option value=\"Starlink\">Starlink<\/option><option value=\"Subsidy and EU projects\">Subsidy and EU projects<\/option><option value=\"Training\">Training<\/option><option value=\"VoIP\">VoIP<\/option><\/select><\/span>\n  <\/div>\n  <div class=\"form-row submit-row\">\n    <input class=\"wpcf7-form-control wpcf7-submit has-spinner btn btn-primary\" type=\"submit\" value=\"Send\" \/>\n  <\/div>\n<\/div><div class=\"wpcf7-response-output\" aria-hidden=\"true\"><\/div>\n<\/form>\n<\/div>\n[\/vc_column][\/vc_row][\/vc_section]<\/p>\r\n<\/div>","protected":false},"excerpt":{"rendered":"<p>[vc_section][vc_row el_class=&#8221;pripadove-studie&#8221;][vc_column][vc_column_text css=&#8221;&#8221;][case_studies_in_columns][\/vc_column_text][\/vc_column][\/vc_row][\/vc_section][vc_section el_class=&#8221;form-section&#8221;][vc_row][vc_column width=&#8221;2\/5&#8243;][vc_custom_heading text=&#8221;Fill in the form&#8221; font_container=&#8221;tag:h3|text_align:left&#8221; use_theme_fonts=&#8221;yes&#8221; css=&#8221;&#8221; el_class=&#8221;heading-secondary text-md&#8221;][vc_custom_heading text=&#8221;We\u2019ll prepare a&nbsp;non-binding price quote for you&#8221; use_theme_fonts=&#8221;yes&#8221; css=&#8221;&#8221;][\/vc_column][vc_column width=&#8221;3\/5&#8243;][\/vc_column][\/vc_row][\/vc_section]<\/p>\n","protected":false},"author":1,"featured_media":0,"parent":0,"menu_order":0,"comment_status":"closed","ping_status":"closed","template":"","meta":{"_acf_changed":false,"inline_featured_image":false,"footnotes":""},"class_list":["post-3310","page","type-page","status-publish","hentry"],"acf":[],"yoast_head":"<!-- This site is optimized with the Yoast SEO plugin v26.9 - https:\/\/yoast.com\/product\/yoast-seo-wordpress\/ -->\n<title>Case studies - XEVOS | Empowering IT. Securing tommorow.<\/title>\n<meta name=\"description\" content=\"XEVOS case studies \u2013 get inspired by our projects. Discover how we help companies with digitalization, security, and IT optimization.\" \/>\n<meta name=\"robots\" content=\"index, follow, max-snippet:-1, max-image-preview:large, max-video-preview:-1\" \/>\n<link rel=\"canonical\" href=\"https:\/\/xevos.eu\/pripadove-studie\/\" \/>\n<meta property=\"og:locale\" content=\"en_US\" \/>\n<meta property=\"og:type\" content=\"article\" \/>\n<meta property=\"og:title\" content=\"Case studies - XEVOS | Empowering IT. Securing tommorow.\" \/>\n<meta property=\"og:description\" content=\"XEVOS case studies \u2013 get inspired by our projects. Discover how we help companies with digitalization, security, and IT optimization.\" \/>\n<meta property=\"og:url\" content=\"https:\/\/xevos.eu\/pripadove-studie\/\" \/>\n<meta property=\"og:site_name\" content=\"XEVOS | Empowering IT. Securing tommorow.\" \/>\n<meta property=\"article:publisher\" content=\"https:\/\/www.facebook.com\/xevoscz\" \/>\n<meta property=\"article:modified_time\" content=\"2025-11-12T10:12:39+00:00\" \/>\n<meta name=\"twitter:card\" content=\"summary_large_image\" \/>\n<meta name=\"twitter:site\" content=\"@xevoscz\" \/>\n<meta name=\"twitter:label1\" content=\"Est. reading time\" \/>\n\t<meta name=\"twitter:data1\" content=\"1 minute\" \/>\n<script type=\"application\/ld+json\" class=\"yoast-schema-graph\">{\"@context\":\"https:\/\/schema.org\",\"@graph\":[{\"@type\":\"WebPage\",\"@id\":\"https:\/\/xevos.eu\/pripadove-studie\/\",\"url\":\"https:\/\/xevos.eu\/pripadove-studie\/\",\"name\":\"Case studies - XEVOS | Empowering IT. Securing tommorow.\",\"isPartOf\":{\"@id\":\"https:\/\/xevos.eu\/#website\"},\"datePublished\":\"2025-07-28T11:59:23+00:00\",\"dateModified\":\"2025-11-12T10:12:39+00:00\",\"description\":\"XEVOS case studies \u2013 get inspired by our projects. Discover how we help companies with digitalization, security, and IT optimization.\",\"breadcrumb\":{\"@id\":\"https:\/\/xevos.eu\/pripadove-studie\/#breadcrumb\"},\"inLanguage\":\"en-US\",\"potentialAction\":[{\"@type\":\"ReadAction\",\"target\":[\"https:\/\/xevos.eu\/pripadove-studie\/\"]}]},{\"@type\":\"BreadcrumbList\",\"@id\":\"https:\/\/xevos.eu\/pripadove-studie\/#breadcrumb\",\"itemListElement\":[{\"@type\":\"ListItem\",\"position\":1,\"name\":\"Dom\u016f\",\"item\":\"https:\/\/xevos.eu\/en\/\"},{\"@type\":\"ListItem\",\"position\":2,\"name\":\"Case studies\"}]},{\"@type\":\"WebSite\",\"@id\":\"https:\/\/xevos.eu\/#website\",\"url\":\"https:\/\/xevos.eu\/\",\"name\":\"XEVOS | Empowering IT. Securing tommorow.\",\"description\":\"\",\"potentialAction\":[{\"@type\":\"SearchAction\",\"target\":{\"@type\":\"EntryPoint\",\"urlTemplate\":\"https:\/\/xevos.eu\/?s={search_term_string}\"},\"query-input\":{\"@type\":\"PropertyValueSpecification\",\"valueRequired\":true,\"valueName\":\"search_term_string\"}}],\"inLanguage\":\"en-US\"}]}<\/script>\n<!-- \/ Yoast SEO plugin. -->","yoast_head_json":{"title":"Case studies - XEVOS | Empowering IT. Securing tommorow.","description":"XEVOS case studies \u2013 get inspired by our projects. Discover how we help companies with digitalization, security, and IT optimization.","robots":{"index":"index","follow":"follow","max-snippet":"max-snippet:-1","max-image-preview":"max-image-preview:large","max-video-preview":"max-video-preview:-1"},"canonical":"https:\/\/xevos.eu\/pripadove-studie\/","og_locale":"en_US","og_type":"article","og_title":"Case studies - XEVOS | Empowering IT. Securing tommorow.","og_description":"XEVOS case studies \u2013 get inspired by our projects. Discover how we help companies with digitalization, security, and IT optimization.","og_url":"https:\/\/xevos.eu\/pripadove-studie\/","og_site_name":"XEVOS | Empowering IT. Securing tommorow.","article_publisher":"https:\/\/www.facebook.com\/xevoscz","article_modified_time":"2025-11-12T10:12:39+00:00","twitter_card":"summary_large_image","twitter_site":"@xevoscz","twitter_misc":{"Est. reading time":"1 minute"},"schema":{"@context":"https:\/\/schema.org","@graph":[{"@type":"WebPage","@id":"https:\/\/xevos.eu\/pripadove-studie\/","url":"https:\/\/xevos.eu\/pripadove-studie\/","name":"Case studies - XEVOS | Empowering IT. Securing tommorow.","isPartOf":{"@id":"https:\/\/xevos.eu\/#website"},"datePublished":"2025-07-28T11:59:23+00:00","dateModified":"2025-11-12T10:12:39+00:00","description":"XEVOS case studies \u2013 get inspired by our projects. Discover how we help companies with digitalization, security, and IT optimization.","breadcrumb":{"@id":"https:\/\/xevos.eu\/pripadove-studie\/#breadcrumb"},"inLanguage":"en-US","potentialAction":[{"@type":"ReadAction","target":["https:\/\/xevos.eu\/pripadove-studie\/"]}]},{"@type":"BreadcrumbList","@id":"https:\/\/xevos.eu\/pripadove-studie\/#breadcrumb","itemListElement":[{"@type":"ListItem","position":1,"name":"Dom\u016f","item":"https:\/\/xevos.eu\/en\/"},{"@type":"ListItem","position":2,"name":"Case studies"}]},{"@type":"WebSite","@id":"https:\/\/xevos.eu\/#website","url":"https:\/\/xevos.eu\/","name":"XEVOS | Empowering IT. Securing tommorow.","description":"","potentialAction":[{"@type":"SearchAction","target":{"@type":"EntryPoint","urlTemplate":"https:\/\/xevos.eu\/?s={search_term_string}"},"query-input":{"@type":"PropertyValueSpecification","valueRequired":true,"valueName":"search_term_string"}}],"inLanguage":"en-US"}]}},"_links":{"self":[{"href":"https:\/\/xevos.eu\/en\/wp-json\/wp\/v2\/pages\/3310","targetHints":{"allow":["GET"]}}],"collection":[{"href":"https:\/\/xevos.eu\/en\/wp-json\/wp\/v2\/pages"}],"about":[{"href":"https:\/\/xevos.eu\/en\/wp-json\/wp\/v2\/types\/page"}],"author":[{"embeddable":true,"href":"https:\/\/xevos.eu\/en\/wp-json\/wp\/v2\/users\/1"}],"replies":[{"embeddable":true,"href":"https:\/\/xevos.eu\/en\/wp-json\/wp\/v2\/comments?post=3310"}],"version-history":[{"count":0,"href":"https:\/\/xevos.eu\/en\/wp-json\/wp\/v2\/pages\/3310\/revisions"}],"wp:attachment":[{"href":"https:\/\/xevos.eu\/en\/wp-json\/wp\/v2\/media?parent=3310"}],"curies":[{"name":"wp","href":"https:\/\/api.w.org\/{rel}","templated":true}]}}