{"id":3111,"date":"2022-12-05T09:44:05","date_gmt":"2022-12-05T08:44:05","guid":{"rendered":"https:\/\/xevos.eu\/kontakt\/"},"modified":"2026-02-02T12:56:14","modified_gmt":"2026-02-02T11:56:14","slug":"contact","status":"publish","type":"page","link":"https:\/\/xevos.eu\/en\/contact\/","title":{"rendered":"Contact"},"content":{"rendered":"<div class=\"wpb-content-wrapper\"><p>[vc_section css=&#8221;.vc_custom_1758801419421{background-image: url(https:\/\/xevos.eu\/wp-content\/uploads\/2025\/09\/kontakt-bg.jpg?id=2449) !important;background-position: center !important;background-repeat: no-repeat !important;background-size: cover !important;}&#8221; el_id=&#8221;info-and-form&#8221;][vc_row][vc_column width=&#8221;1\/2&#8243;][vc_custom_heading text=&#8221;Get in touch&#8221; use_theme_fonts=&#8221;yes&#8221; css=&#8221;&#8221;][vc_column_text css=&#8221;&#8221;]Need more information or have any questions?[\/vc_column_text][vc_column_text css=&#8221;&#8221;]<\/p>\r\n<div class=\"kontakt-block\">\r\n<div class=\"item\">\r\n<p><img decoding=\"async\" class=\"img-fluid\" src=\"https:\/\/xevos.eu\/wp-content\/uploads\/2025\/09\/company.svg\" \/><\/p>\r\n<div class=\"text-dark\">XEVOS Solutions s.r.o.<br \/>\r\n<a class=\"text-dark\" href=\"https:\/\/maps.app.goo.gl\/VGZCYmjNYQmc12949\">Most\u00e1rensk\u00e1 1156\/38, 703 00 Ostrava<\/a><br \/>\r\nI\u010c: 27831345<br \/>\r\nDI\u010c: CZ27831345<br \/>\r\nData box: 8uscbud<\/div>\r\n<\/div>\r\n<div class=\"item\"><img decoding=\"async\" class=\"img-fluid\" src=\"https:\/\/xevos.eu\/wp-content\/uploads\/2025\/09\/phone.svg\" \/><a class=\"text-dark\" href=\"tel:+420591140315\">+420 591 140 315<\/a><\/div>\r\n<div class=\"item\"><img decoding=\"async\" class=\"img-fluid\" src=\"https:\/\/xevos.eu\/wp-content\/uploads\/2025\/09\/email.svg\" \/><a class=\"text-dark\" href=\"mailto:hello@xevos.eu\">hello@xevos.eu<\/a><\/div>\r\n<\/div>\r\n<p>[\/vc_column_text][vc_column_text css=&#8221;&#8221;]<\/p>\r\n<div class=\"socials\"><a href=\"https:\/\/www.facebook.com\/xevoscz\" target=\"_blank\" rel=\"noopener\"><img decoding=\"async\" src=\"https:\/\/xevos.eu\/wp-content\/uploads\/2025\/09\/soc-facebook.svg\" alt=\"Xevos | Facebook\" \/><\/a><a href=\"https:\/\/www.linkedin.com\/company\/xevos\/\" target=\"_blank\" rel=\"noopener\"><img decoding=\"async\" src=\"https:\/\/xevos.eu\/wp-content\/uploads\/2025\/09\/soc-linkedin.svg\" alt=\"Xevos | LinkedIn\" \/><\/a><a href=\"https:\/\/twitter.com\/xevoscz\" target=\"_blank\" rel=\"noopener\"><img decoding=\"async\" src=\"https:\/\/xevos.eu\/wp-content\/uploads\/2025\/09\/soc-twitter.svg\" alt=\"Xevos | Twitter\" \/><\/a><a href=\"https:\/\/www.instagram.com\/xevoscz\/\" target=\"_blank\" rel=\"noopener\"><img decoding=\"async\" src=\"https:\/\/xevos.eu\/wp-content\/uploads\/2025\/09\/soc-instagram.svg\" alt=\"Xevos | Instagram\" \/><\/a><a href=\"https:\/\/www.threads.net\/@xevoscz\" target=\"_blank\" rel=\"noopener\"><img decoding=\"async\" src=\"https:\/\/xevos.eu\/wp-content\/uploads\/2025\/09\/soc-threads.svg\" alt=\"Xevos | Threads\" \/><\/a><\/div>\r\n<p>[\/vc_column_text][\/vc_column][vc_column width=&#8221;1\/2&#8243;]\n<div class=\"wpcf7 no-js\" id=\"wpcf7-f3115-o1\" lang=\"cs-CZ\" dir=\"ltr\" data-wpcf7-id=\"3115\">\n<div class=\"screen-reader-response\"><p role=\"status\" aria-live=\"polite\" aria-atomic=\"true\"><\/p> <ul><\/ul><\/div>\n<form action=\"\/en\/wp-json\/wp\/v2\/pages\/3111#wpcf7-f3115-o1\" method=\"post\" class=\"wpcf7-form init\" aria-label=\"Kontaktn\u00ed formul\u00e1\u0159\" novalidate=\"novalidate\" data-status=\"init\">\n<fieldset class=\"hidden-fields-container\"><input type=\"hidden\" name=\"_wpcf7\" value=\"3115\" \/><input type=\"hidden\" name=\"_wpcf7_version\" value=\"6.1.5\" \/><input type=\"hidden\" name=\"_wpcf7_locale\" value=\"cs_CZ\" \/><input type=\"hidden\" name=\"_wpcf7_unit_tag\" value=\"wpcf7-f3115-o1\" \/><input type=\"hidden\" name=\"_wpcf7_container_post\" value=\"0\" \/><input type=\"hidden\" name=\"_wpcf7_posted_data_hash\" value=\"\" \/>\n<\/fieldset>\n<div class=\"contact-form-container\">\n  <div class=\"form-row\">\n    <span class=\"wpcf7-form-control-wrap\" data-name=\"name-and-surname\"><input size=\"40\" maxlength=\"400\" class=\"wpcf7-form-control wpcf7-text wpcf7-validates-as-required\" aria-required=\"true\" aria-invalid=\"false\" placeholder=\"Full Name\" value=\"\" type=\"text\" name=\"name-and-surname\" \/><\/span>\n  <\/div>\n  <div class=\"form-row\">\n    <span class=\"wpcf7-form-control-wrap\" data-name=\"email\"><input size=\"40\" maxlength=\"400\" class=\"wpcf7-form-control wpcf7-email wpcf7-validates-as-required wpcf7-text wpcf7-validates-as-email\" aria-required=\"true\" aria-invalid=\"false\" placeholder=\"Email Address\" value=\"\" type=\"email\" name=\"email\" \/><\/span>\n  <\/div>\n  <div class=\"form-row\">\n    <span class=\"wpcf7-form-control-wrap\" data-name=\"phone\"><input size=\"40\" maxlength=\"400\" class=\"wpcf7-form-control wpcf7-tel wpcf7-validates-as-required wpcf7-text wpcf7-validates-as-tel\" aria-required=\"true\" aria-invalid=\"false\" placeholder=\"Phone Number\" value=\"\" type=\"tel\" name=\"phone\" \/><\/span>\n  <\/div>\n  <div class=\"form-row\">\n    <span class=\"wpcf7-form-control-wrap\" data-name=\"your-message\"><textarea cols=\"40\" rows=\"10\" maxlength=\"2000\" class=\"wpcf7-form-control wpcf7-textarea\" aria-invalid=\"false\" placeholder=\"Message for us\" name=\"your-message\"><\/textarea><\/span>\n  <\/div>\n  <div class=\"form-row submit-row\">\n    <input class=\"wpcf7-form-control wpcf7-submit has-spinner btn btn-primary\" type=\"submit\" value=\"Send\" \/>\n  <\/div>\n<\/div><div class=\"wpcf7-response-output\" aria-hidden=\"true\"><\/div>\n<\/form>\n<\/div>\n[\/vc_column][\/vc_row][\/vc_section][vc_section full_width=&#8221;stretch_row&#8221; css=&#8221;.vc_custom_1758876971914{background-color: #EFF2F7 !important;}&#8221; el_id=&#8221;contact-our-departments&#8221;][vc_row][vc_column][vc_custom_heading text=&#8221;Contact our departments&#8221; font_container=&#8221;tag:h2|text_align:center&#8221; use_theme_fonts=&#8221;yes&#8221; css=&#8221;&#8221; el_class=&#8221;text-dark-blue&#8221;][\/vc_column][\/vc_row][vc_row][vc_column width=&#8221;1\/3&#8243;][vc_column_text css=&#8221;&#8221;]<\/p>\r\n<div class=\"card\">\r\n<div class=\"card-avatar\"><img decoding=\"async\" class=\"alignnone size-full wp-image-2779\" src=\"https:\/\/xevos.eu\/wp-content\/uploads\/2025\/10\/sales-1.png\" alt=\"Sales\" width=\"200\" height=\"200\" srcset=\"https:\/\/xevos.eu\/wp-content\/uploads\/2025\/10\/sales-1.png 200w, https:\/\/xevos.eu\/wp-content\/uploads\/2025\/10\/sales-1-150x150.png 150w\" sizes=\"(max-width: 200px) 100vw, 200px\" \/><\/div>\r\n<div class=\"text-dark-blue fw-bold\">Sales Department<\/div>\r\n<div class=\"card-contact-info text-center\">\r\n<div class=\"card-contact-item text-center\"><a href=\"tel:+420591140315\">+420 591 140 315<\/a><\/div>\r\n<div class=\"card-contact-item text-center\"><a href=\"mailto:sales@xevos.eu\">sales@xevos.eu<\/a><\/div>\r\n<\/div>\r\n<\/div>\r\n<p>[\/vc_column_text][\/vc_column][vc_column width=&#8221;1\/3&#8243;][vc_column_text css=&#8221;&#8221;]<\/p>\r\n<div class=\"card\">\r\n<div class=\"card-avatar\"><img decoding=\"async\" class=\"alignnone size-full wp-image-2780\" src=\"https:\/\/xevos.eu\/wp-content\/uploads\/2025\/10\/hr-1.png\" alt=\"HR\" width=\"200\" height=\"200\" srcset=\"https:\/\/xevos.eu\/wp-content\/uploads\/2025\/10\/hr-1.png 200w, https:\/\/xevos.eu\/wp-content\/uploads\/2025\/10\/hr-1-150x150.png 150w\" sizes=\"(max-width: 200px) 100vw, 200px\" \/><\/div>\r\n<div class=\"text-dark-blue fw-bold\">HR Department<\/div>\r\n<div class=\"card-contact-info text-center\">\r\n<div class=\"card-contact-item text-center\"><a href=\"tel:+420591140315\">+420 591 140 315<\/a><\/div>\r\n<div class=\"card-contact-item text-center\"><a href=\"mailto:hr@xevos.eu\">hr@xevos.eu<\/a><\/div>\r\n<\/div>\r\n<\/div>\r\n<p>[\/vc_column_text][\/vc_column][vc_column width=&#8221;1\/3&#8243;][vc_column_text css=&#8221;&#8221;]<\/p>\r\n<div class=\"card\">\r\n<div class=\"card-avatar\"><img decoding=\"async\" class=\"alignnone size-full wp-image-2778\" src=\"https:\/\/xevos.eu\/wp-content\/uploads\/2025\/10\/marketing-1.png\" alt=\"Marketing\" width=\"200\" height=\"200\" srcset=\"https:\/\/xevos.eu\/wp-content\/uploads\/2025\/10\/marketing-1.png 200w, https:\/\/xevos.eu\/wp-content\/uploads\/2025\/10\/marketing-1-150x150.png 150w\" sizes=\"(max-width: 200px) 100vw, 200px\" \/><\/div>\r\n<div class=\"text-dark-blue fw-bold\">Marketing Department<\/div>\r\n<div class=\"card-contact-info text-center\">\r\n<div class=\"card-contact-item text-center\"><a href=\"tel:+420591140315\">+420 591 140 315<\/a><\/div>\r\n<div class=\"card-contact-item text-center\"><a href=\"mailto:marketing@xevos.eu\">marketing@xevos.eu<\/a><\/div>\r\n<\/div>\r\n<\/div>\r\n<p>[\/vc_column_text][\/vc_column][\/vc_row][\/vc_section]<\/p>\r\n<\/div>","protected":false},"excerpt":{"rendered":"<p>[vc_section css=&#8221;.vc_custom_1758801419421{background-image: url(https:\/\/xevos.eu\/wp-content\/uploads\/2025\/09\/kontakt-bg.jpg?id=2449) !important;background-position: center !important;background-repeat: no-repeat !important;background-size: cover !important;}&#8221; el_id=&#8221;info-and-form&#8221;][vc_row][vc_column width=&#8221;1\/2&#8243;][vc_custom_heading text=&#8221;Get in touch&#8221; use_theme_fonts=&#8221;yes&#8221; css=&#8221;&#8221;][vc_column_text css=&#8221;&#8221;]Need more information or have any questions?[\/vc_column_text][vc_column_text css=&#8221;&#8221;] XEVOS Solutions s.r.o. Most\u00e1rensk\u00e1 1156\/38, 703 00 Ostrava I\u010c: 27831345 DI\u010c: CZ27831345 Data box: 8uscbud +420 591 140 315 hello@xevos.eu [\/vc_column_text][vc_column_text css=&#8221;&#8221;] [\/vc_column_text][\/vc_column][vc_column width=&#8221;1\/2&#8243;][\/vc_column][\/vc_row][\/vc_section][vc_section full_width=&#8221;stretch_row&#8221; css=&#8221;.vc_custom_1758876971914{background-color: #EFF2F7 !important;}&#8221; el_id=&#8221;contact-our-departments&#8221;][vc_row][vc_column][vc_custom_heading text=&#8221;Contact [&hellip;]<\/p>\n","protected":false},"author":1,"featured_media":0,"parent":0,"menu_order":0,"comment_status":"closed","ping_status":"closed","template":"","meta":{"_acf_changed":false,"inline_featured_image":false,"footnotes":""},"class_list":["post-3111","page","type-page","status-publish","hentry"],"acf":[],"yoast_head":"<!-- This site is optimized with the Yoast SEO plugin v26.9 - https:\/\/yoast.com\/product\/yoast-seo-wordpress\/ -->\n<title>Contact - XEVOS | Empowering IT. Securing tommorow.<\/title>\n<meta name=\"description\" content=\"Contact XEVOS Solutions \u2013 we&#039;re here for you. Email, phone, offices in Prague and throughout the Czech Republic. Fast response to your IT inquiries.\" \/>\n<meta name=\"robots\" content=\"index, follow, max-snippet:-1, max-image-preview:large, max-video-preview:-1\" \/>\n<link rel=\"canonical\" href=\"https:\/\/xevos.eu\/en\/contact\/\" \/>\n<meta property=\"og:locale\" content=\"en_US\" \/>\n<meta property=\"og:type\" content=\"article\" \/>\n<meta property=\"og:title\" content=\"Contact - XEVOS | Empowering IT. Securing tommorow.\" \/>\n<meta property=\"og:description\" content=\"Contact XEVOS Solutions \u2013 we&#039;re here for you. Email, phone, offices in Prague and throughout the Czech Republic. Fast response to your IT inquiries.\" \/>\n<meta property=\"og:url\" content=\"https:\/\/xevos.eu\/en\/contact\/\" \/>\n<meta property=\"og:site_name\" content=\"XEVOS | Empowering IT. Securing tommorow.\" \/>\n<meta property=\"article:publisher\" content=\"https:\/\/www.facebook.com\/xevoscz\" \/>\n<meta property=\"article:modified_time\" content=\"2026-02-02T11:56:14+00:00\" \/>\n<meta property=\"og:image\" content=\"https:\/\/xevos.eu\/wp-content\/uploads\/2025\/09\/company.svg\" \/>\n<meta name=\"twitter:card\" content=\"summary_large_image\" \/>\n<meta name=\"twitter:site\" content=\"@xevoscz\" \/>\n<meta name=\"twitter:label1\" content=\"Est. reading time\" \/>\n\t<meta name=\"twitter:data1\" content=\"3 minutes\" \/>\n<script type=\"application\/ld+json\" class=\"yoast-schema-graph\">{\"@context\":\"https:\/\/schema.org\",\"@graph\":[{\"@type\":\"WebPage\",\"@id\":\"https:\/\/xevos.eu\/en\/contact\/\",\"url\":\"https:\/\/xevos.eu\/en\/contact\/\",\"name\":\"Contact - XEVOS | Empowering IT. Securing tommorow.\",\"isPartOf\":{\"@id\":\"https:\/\/xevos.eu\/#website\"},\"primaryImageOfPage\":{\"@id\":\"https:\/\/xevos.eu\/en\/contact\/#primaryimage\"},\"image\":{\"@id\":\"https:\/\/xevos.eu\/en\/contact\/#primaryimage\"},\"thumbnailUrl\":\"https:\/\/xevos.eu\/wp-content\/uploads\/2025\/09\/company.svg\",\"datePublished\":\"2022-12-05T08:44:05+00:00\",\"dateModified\":\"2026-02-02T11:56:14+00:00\",\"description\":\"Contact XEVOS Solutions \u2013 we're here for you. Email, phone, offices in Prague and throughout the Czech Republic. Fast response to your IT inquiries.\",\"breadcrumb\":{\"@id\":\"https:\/\/xevos.eu\/en\/contact\/#breadcrumb\"},\"inLanguage\":\"en-US\",\"potentialAction\":[{\"@type\":\"ReadAction\",\"target\":[\"https:\/\/xevos.eu\/en\/contact\/\"]}]},{\"@type\":\"ImageObject\",\"inLanguage\":\"en-US\",\"@id\":\"https:\/\/xevos.eu\/en\/contact\/#primaryimage\",\"url\":\"https:\/\/xevos.eu\/wp-content\/uploads\/2025\/09\/company.svg\",\"contentUrl\":\"https:\/\/xevos.eu\/wp-content\/uploads\/2025\/09\/company.svg\"},{\"@type\":\"BreadcrumbList\",\"@id\":\"https:\/\/xevos.eu\/en\/contact\/#breadcrumb\",\"itemListElement\":[{\"@type\":\"ListItem\",\"position\":1,\"name\":\"Dom\u016f\",\"item\":\"https:\/\/xevos.eu\/en\/\"},{\"@type\":\"ListItem\",\"position\":2,\"name\":\"Contact\"}]},{\"@type\":\"WebSite\",\"@id\":\"https:\/\/xevos.eu\/#website\",\"url\":\"https:\/\/xevos.eu\/\",\"name\":\"XEVOS | Empowering IT. Securing tommorow.\",\"description\":\"\",\"potentialAction\":[{\"@type\":\"SearchAction\",\"target\":{\"@type\":\"EntryPoint\",\"urlTemplate\":\"https:\/\/xevos.eu\/?s={search_term_string}\"},\"query-input\":{\"@type\":\"PropertyValueSpecification\",\"valueRequired\":true,\"valueName\":\"search_term_string\"}}],\"inLanguage\":\"en-US\"}]}<\/script>\n<!-- \/ Yoast SEO plugin. -->","yoast_head_json":{"title":"Contact - XEVOS | Empowering IT. Securing tommorow.","description":"Contact XEVOS Solutions \u2013 we're here for you. Email, phone, offices in Prague and throughout the Czech Republic. Fast response to your IT inquiries.","robots":{"index":"index","follow":"follow","max-snippet":"max-snippet:-1","max-image-preview":"max-image-preview:large","max-video-preview":"max-video-preview:-1"},"canonical":"https:\/\/xevos.eu\/en\/contact\/","og_locale":"en_US","og_type":"article","og_title":"Contact - XEVOS | Empowering IT. Securing tommorow.","og_description":"Contact XEVOS Solutions \u2013 we're here for you. Email, phone, offices in Prague and throughout the Czech Republic. Fast response to your IT inquiries.","og_url":"https:\/\/xevos.eu\/en\/contact\/","og_site_name":"XEVOS | Empowering IT. Securing tommorow.","article_publisher":"https:\/\/www.facebook.com\/xevoscz","article_modified_time":"2026-02-02T11:56:14+00:00","og_image":[{"url":"https:\/\/xevos.eu\/wp-content\/uploads\/2025\/09\/company.svg","type":"","width":"","height":""}],"twitter_card":"summary_large_image","twitter_site":"@xevoscz","twitter_misc":{"Est. reading time":"3 minutes"},"schema":{"@context":"https:\/\/schema.org","@graph":[{"@type":"WebPage","@id":"https:\/\/xevos.eu\/en\/contact\/","url":"https:\/\/xevos.eu\/en\/contact\/","name":"Contact - XEVOS | Empowering IT. Securing tommorow.","isPartOf":{"@id":"https:\/\/xevos.eu\/#website"},"primaryImageOfPage":{"@id":"https:\/\/xevos.eu\/en\/contact\/#primaryimage"},"image":{"@id":"https:\/\/xevos.eu\/en\/contact\/#primaryimage"},"thumbnailUrl":"https:\/\/xevos.eu\/wp-content\/uploads\/2025\/09\/company.svg","datePublished":"2022-12-05T08:44:05+00:00","dateModified":"2026-02-02T11:56:14+00:00","description":"Contact XEVOS Solutions \u2013 we're here for you. Email, phone, offices in Prague and throughout the Czech Republic. Fast response to your IT inquiries.","breadcrumb":{"@id":"https:\/\/xevos.eu\/en\/contact\/#breadcrumb"},"inLanguage":"en-US","potentialAction":[{"@type":"ReadAction","target":["https:\/\/xevos.eu\/en\/contact\/"]}]},{"@type":"ImageObject","inLanguage":"en-US","@id":"https:\/\/xevos.eu\/en\/contact\/#primaryimage","url":"https:\/\/xevos.eu\/wp-content\/uploads\/2025\/09\/company.svg","contentUrl":"https:\/\/xevos.eu\/wp-content\/uploads\/2025\/09\/company.svg"},{"@type":"BreadcrumbList","@id":"https:\/\/xevos.eu\/en\/contact\/#breadcrumb","itemListElement":[{"@type":"ListItem","position":1,"name":"Dom\u016f","item":"https:\/\/xevos.eu\/en\/"},{"@type":"ListItem","position":2,"name":"Contact"}]},{"@type":"WebSite","@id":"https:\/\/xevos.eu\/#website","url":"https:\/\/xevos.eu\/","name":"XEVOS | Empowering IT. Securing tommorow.","description":"","potentialAction":[{"@type":"SearchAction","target":{"@type":"EntryPoint","urlTemplate":"https:\/\/xevos.eu\/?s={search_term_string}"},"query-input":{"@type":"PropertyValueSpecification","valueRequired":true,"valueName":"search_term_string"}}],"inLanguage":"en-US"}]}},"_links":{"self":[{"href":"https:\/\/xevos.eu\/en\/wp-json\/wp\/v2\/pages\/3111","targetHints":{"allow":["GET"]}}],"collection":[{"href":"https:\/\/xevos.eu\/en\/wp-json\/wp\/v2\/pages"}],"about":[{"href":"https:\/\/xevos.eu\/en\/wp-json\/wp\/v2\/types\/page"}],"author":[{"embeddable":true,"href":"https:\/\/xevos.eu\/en\/wp-json\/wp\/v2\/users\/1"}],"replies":[{"embeddable":true,"href":"https:\/\/xevos.eu\/en\/wp-json\/wp\/v2\/comments?post=3111"}],"version-history":[{"count":2,"href":"https:\/\/xevos.eu\/en\/wp-json\/wp\/v2\/pages\/3111\/revisions"}],"predecessor-version":[{"id":3639,"href":"https:\/\/xevos.eu\/en\/wp-json\/wp\/v2\/pages\/3111\/revisions\/3639"}],"wp:attachment":[{"href":"https:\/\/xevos.eu\/en\/wp-json\/wp\/v2\/media?parent=3111"}],"curies":[{"name":"wp","href":"https:\/\/api.w.org\/{rel}","templated":true}]}}